{"id":9,"date":"2026-03-02T08:47:58","date_gmt":"2026-03-02T07:47:58","guid":{"rendered":"https:\/\/site12.monsitecommeunpro.fr\/?page_id=9"},"modified":"2026-04-27T11:53:50","modified_gmt":"2026-04-27T09:53:50","slug":"page-daccueil","status":"publish","type":"page","link":"https:\/\/site12.monsitecommeunpro.fr\/","title":{"rendered":"Luxe"},"content":{"rendered":"\n<figure class=\"wp-block-video\"><video height=\"1080\" style=\"aspect-ratio: 1920 \/ 1080;\" width=\"1920\" autoplay loop muted src=\"https:\/\/site12.monsitecommeunpro.fr\/wp-content\/uploads\/2026\/03\/MAISON-B.mov\" playsinline><\/video><\/figure>\n\n\n\n<div class=\"wp-block-uagb-countdown uagb-block-91bfd536\"><div class=\"wp-block-uagb-countdown__box wp-block-uagb-countdown__box-days\"><div role=\"timer\" aria-live=\"off\" class=\"wp-block-uagb-countdown__time wp-block-uagb-countdown__time-days\">&#8211;<\/div><div class=\"wp-block-uagb-countdown__label\">DAYS<\/div><\/div><div class=\"wp-block-uagb-countdown__box wp-block-uagb-countdown__box-hours\"><div role=\"timer\" aria-live=\"off\" class=\"wp-block-uagb-countdown__time wp-block-uagb-countdown__time-hours\">&#8211;<\/div><div class=\"wp-block-uagb-countdown__label\">HOURS<\/div><\/div><div class=\"wp-block-uagb-countdown__box wp-block-uagb-countdown__box-minutes\"><div role=\"timer\" aria-live=\"off\" class=\"wp-block-uagb-countdown__time wp-block-uagb-countdown__time-minutes\">&#8211;<\/div><div class=\"wp-block-uagb-countdown__label\">MINUTES<\/div><\/div><div class=\"wp-block-uagb-countdown__box wp-block-uagb-countdown__box-seconds\"><div role=\"timer\" aria-live=\"off\" class=\"wp-block-uagb-countdown__time wp-block-uagb-countdown__time-seconds\">&#8211;<\/div><div class=\"wp-block-uagb-countdown__label\">SECONDS<\/div><\/div><\/div>\n\n\n\n<p class=\"has-text-align-center has-ast-global-color-5-color has-text-color has-link-color has-medium-font-size wp-elements-3d619ac05d3b6b51f58921a480342985\">Voici le compte \u00e0 rebours luxe avant les 4 jours de fermeture !!<\/p>\n\n\n\n<p class=\"has-text-align-center has-ast-global-color-5-color has-text-color has-link-color has-medium-font-size wp-elements-44a8ec566da01ccc693f8a5efaf491bc\"><strong>L\u2019\u00c9PURE DU LUXE COMME MANIFESTE.<\/strong><\/p>\n\n\n\n<p class=\"has-ast-global-color-5-color has-text-color has-link-color wp-elements-bdebd153577df40ae0424413581b60a9\">Au-del\u00e0 de l\u2019accessoire, une architecture du quotidien. Notre nouvelle collection de luxe explore la tension entre la rigueur des lignes et la noblesse des mati\u00e8res. Un dialogue suspendu entre ombre et lumi\u00e8re, o\u00f9 chaque pi\u00e8ce devient une signature.<\/p>\n\n\n\n<div class=\"wp-block-media-text is-stacked-on-mobile\"><figure class=\"wp-block-media-text__media\"><a href=\"https:\/\/site12.monsitecommeunpro.fr\/?page_id=50\"><img loading=\"lazy\" decoding=\"async\" width=\"594\" height=\"828\" src=\"https:\/\/site12.monsitecommeunpro.fr\/wp-content\/uploads\/2026\/03\/IMG_3612.jpeg\" alt=\"\" class=\"wp-image-91 size-full\" srcset=\"https:\/\/site12.monsitecommeunpro.fr\/wp-content\/uploads\/2026\/03\/IMG_3612.jpeg 594w, https:\/\/site12.monsitecommeunpro.fr\/wp-content\/uploads\/2026\/03\/IMG_3612-215x300.jpeg 215w\" sizes=\"auto, (max-width: 594px) 100vw, 594px\" \/><\/a><\/figure><div class=\"wp-block-media-text__content\">\n<p class=\"has-ast-global-color-5-color has-text-color has-link-color has-large-font-size wp-elements-0db338f2875dd981111c649f4bbdd90a\"><strong>SACS<\/strong><\/p>\n\n\n\n<p class=\"has-ast-global-color-5-color has-text-color has-link-color wp-elements-0c2ee2d89096fc9fedfc11148e60092d\">L&rsquo;\u00e9l\u00e9gance d&rsquo;un port\u00e9, la pr\u00e9cision d&rsquo;un fermoir. Un cuir d\u2019exception travaill\u00e9 pour \u00e9pouser le mouvement avec une distinction naturelle.<\/p>\n<\/div><\/div>\n\n\n\n<div class=\"wp-block-media-text has-media-on-the-right is-stacked-on-mobile\"><div class=\"wp-block-media-text__content\">\n<p class=\"has-ast-global-color-5-color has-text-color has-link-color has-large-font-size wp-elements-4d883a226b64b219baad4cc60ab236e0\"><strong>FEMME<\/strong><\/p>\n\n\n\n<p class=\"has-ast-global-color-5-color has-text-color has-link-color wp-elements-4aa723cff6b465fa2c1f73a74fc5d902\">Une cambrure sculpturale, une silhouette radicale. La qu\u00eate de la ligne pure, pour une allure qui d\u00e9fie le temps.<\/p>\n<\/div><figure class=\"wp-block-media-text__media\"><a href=\"https:\/\/site12.monsitecommeunpro.fr\/?page_id=53\"><img loading=\"lazy\" decoding=\"async\" width=\"594\" height=\"836\" src=\"https:\/\/site12.monsitecommeunpro.fr\/wp-content\/uploads\/2026\/03\/IMG_3613.jpeg\" alt=\"\" class=\"wp-image-92 size-full\" srcset=\"https:\/\/site12.monsitecommeunpro.fr\/wp-content\/uploads\/2026\/03\/IMG_3613.jpeg 594w, https:\/\/site12.monsitecommeunpro.fr\/wp-content\/uploads\/2026\/03\/IMG_3613-213x300.jpeg 213w\" sizes=\"auto, (max-width: 594px) 100vw, 594px\" \/><\/a><\/figure><\/div>\n\n\n\n<div class=\"wp-block-media-text is-stacked-on-mobile\"><figure class=\"wp-block-media-text__media\"><a href=\"https:\/\/site12.monsitecommeunpro.fr\/?page_id=55\"><img loading=\"lazy\" decoding=\"async\" width=\"592\" height=\"827\" src=\"https:\/\/site12.monsitecommeunpro.fr\/wp-content\/uploads\/2026\/03\/IMG_3614.jpeg\" alt=\"\" class=\"wp-image-95 size-full\" srcset=\"https:\/\/site12.monsitecommeunpro.fr\/wp-content\/uploads\/2026\/03\/IMG_3614.jpeg 592w, https:\/\/site12.monsitecommeunpro.fr\/wp-content\/uploads\/2026\/03\/IMG_3614-215x300.jpeg 215w\" sizes=\"auto, (max-width: 592px) 100vw, 592px\" \/><\/a><\/figure><div class=\"wp-block-media-text__content\">\n<p class=\"has-ast-global-color-5-color has-text-color has-link-color has-large-font-size wp-elements-b850d4fb59f84ffc42ef084a56007b5d\"><strong>HOMME<\/strong><\/p>\n\n\n\n<p class=\"has-ast-global-color-5-color has-text-color has-link-color wp-elements-73710e97c36315e4665cc4207b03196f\">Le volume r\u00e9invent\u00e9. Quand l\u2019audace technique rencontre l\u2019esth\u00e9tique contemporaine pour une marche affirm\u00e9e.<\/p>\n<\/div><\/div>\n\n\n\n<div class=\"wp-block-media-text has-media-on-the-right is-stacked-on-mobile has-ast-global-color-5-color has-text-color has-link-color wp-elements-7aaae196fec13935691b8cb16c8edd1d\"><div class=\"wp-block-media-text__content\">\n<p class=\"has-large-font-size\"><strong>ACCESSOIRES<\/strong><\/p>\n\n\n\n<p class=\"has-ast-global-color-5-color has-text-color has-link-color wp-elements-25d6f6c5526889282ab1b2ccbbbf5de6\">L\u2019harmonie entre innovation technique et \u00e9pure visuelle. Une pi\u00e8ce sculpt\u00e9e dans l&rsquo;ombre, con\u00e7ue pour ceux qui voient au-del\u00e0 du pr\u00e9sent.<\/p>\n\n\n\n<p><\/p>\n<\/div><figure class=\"wp-block-media-text__media\"><a href=\"https:\/\/site12.monsitecommeunpro.fr\/?page_id=115\"><img loading=\"lazy\" decoding=\"async\" width=\"634\" height=\"820\" src=\"https:\/\/site12.monsitecommeunpro.fr\/wp-content\/uploads\/2026\/03\/IMG_3616.jpeg\" alt=\"\" class=\"wp-image-97 size-full\" srcset=\"https:\/\/site12.monsitecommeunpro.fr\/wp-content\/uploads\/2026\/03\/IMG_3616.jpeg 634w, https:\/\/site12.monsitecommeunpro.fr\/wp-content\/uploads\/2026\/03\/IMG_3616-232x300.jpeg 232w\" sizes=\"auto, (max-width: 634px) 100vw, 634px\" \/><\/a><\/figure><\/div>\n\n\n\n<p class=\"has-text-align-center\"><strong>Maison Benkoussa : L&rsquo;\u00c9loge d\u2019une \u00c9l\u00e9gance Absolue<\/strong><\/p>\n\n\n\n<p>Au c\u0153ur de la Ville Lumi\u00e8re, la <strong>Maison Benkoussa<\/strong> s\u2019impose comme le nouveau sanctuaire d\u2019un luxe r\u00e9fl\u00e9chi et intemporel. Sous la direction cr\u00e9ative de Benkoussa Amin, notre maison red\u00e9finit les codes du vestiaire contemporain en fusionnant une rigueur architecturale et une fluidit\u00e9 empreinte de modernit\u00e9.<\/p>\n\n\n\n<p>Chaque pi\u00e8ce est une c\u00e9l\u00e9bration du d\u00e9tail, une qu\u00eate de la coupe parfaite qui sublime l&rsquo;allure sans jamais la contraindre. Notre philosophie repose sur l\u2019excellence des mati\u00e8res et l\u2019audace de la simplicit\u00e9. Du tailleur sculptural aux lignes monochromes audacieuses, Maison Benkoussa s&rsquo;adresse \u00e0 celles et ceux pour qui le style est une affirmation de soi, un langage silencieux mais puissant.<\/p>\n\n\n\n<p>Rejoindre notre univers, c\u2019est choisir l\u2019artisanat d&rsquo;exception et une vision de la mode qui traverse les \u00e9poques. Nous vous invitons \u00e0 vivre une exp\u00e9rience immersive o\u00f9 chaque texture raconte une histoire de prestige et de passion. Venez d\u00e9couvrir cette harmonie entre tradition et avant-garde lors de notre inauguration exclusive au <strong>12, Rue du Faubourg des Artisans<\/strong>.<\/p>\n\n\n\n<p class=\"has-text-align-center\"><strong>Maison Benkoussa : Plus qu\u2019une signature, un h\u00e9ritage en mouvement.<\/strong><\/p>\n\n\n\n<div class=\"wp-block-buttons is-layout-flex wp-block-buttons-is-layout-flex\"><\/div>\n\n\n\n<div class=\"wp-block-buttons is-layout-flex wp-block-buttons-is-layout-flex\"><\/div>\n\n\n\n<p>mm<\/p>\n\n\n\n<p><\/p>\n","protected":false},"excerpt":{"rendered":"<p>Voici le compte \u00e0 rebours luxe avant les 4 jours de fermeture !! L\u2019\u00c9PURE DU LUXE COMME MANIFESTE. Au-del\u00e0 de [&hellip;]<\/p>\n","protected":false},"author":1,"featured_media":0,"parent":0,"menu_order":0,"comment_status":"closed","ping_status":"closed","template":"","meta":{"_uag_custom_page_level_css":"","site-sidebar-layout":"no-sidebar","site-content-layout":"plain-container","ast-site-content-layout":"default","site-content-style":"default","site-sidebar-style":"default","ast-global-header-display":"","ast-banner-title-visibility":"","ast-main-header-display":"","ast-hfb-above-header-display":"","ast-hfb-below-header-display":"","ast-hfb-mobile-header-display":"","site-post-title":"disabled","ast-breadcrumbs-content":"","ast-featured-img":"","footer-sml-layout":"","ast-disable-related-posts":"","theme-transparent-header-meta":"enabled","adv-header-id-meta":"","stick-header-meta":"","header-above-stick-meta":"","header-main-stick-meta":"","header-below-stick-meta":"","astra-migrate-meta-layouts":"default","ast-page-background-enabled":"default","ast-page-background-meta":{"desktop":{"background-color":"var(--ast-global-color-5)","background-image":"","background-repeat":"repeat","background-position":"center center","background-size":"auto","background-attachment":"scroll","background-type":"","background-media":"","overlay-type":"","overlay-color":"","overlay-opacity":"","overlay-gradient":""},"tablet":{"background-color":"","background-image":"","background-repeat":"repeat","background-position":"center center","background-size":"auto","background-attachment":"scroll","background-type":"","background-media":"","overlay-type":"","overlay-color":"","overlay-opacity":"","overlay-gradient":""},"mobile":{"background-color":"","background-image":"","background-repeat":"repeat","background-position":"center center","background-size":"auto","background-attachment":"scroll","background-type":"","background-media":"","overlay-type":"","overlay-color":"","overlay-opacity":"","overlay-gradient":""}},"ast-content-background-meta":{"desktop":{"background-color":"var(--ast-global-color-4)","background-image":"","background-repeat":"repeat","background-position":"center center","background-size":"auto","background-attachment":"scroll","background-type":"","background-media":"","overlay-type":"","overlay-color":"","overlay-opacity":"","overlay-gradient":""},"tablet":{"background-color":"var(--ast-global-color-4)","background-image":"","background-repeat":"repeat","background-position":"center center","background-size":"auto","background-attachment":"scroll","background-type":"","background-media":"","overlay-type":"","overlay-color":"","overlay-opacity":"","overlay-gradient":""},"mobile":{"background-color":"var(--ast-global-color-4)","background-image":"","background-repeat":"repeat","background-position":"center center","background-size":"auto","background-attachment":"scroll","background-type":"","background-media":"","overlay-type":"","overlay-color":"","overlay-opacity":"","overlay-gradient":""}},"footnotes":""},"class_list":["post-9","page","type-page","status-publish","hentry"],"yoast_head":"<!-- This site is optimized with the Yoast SEO plugin v27.4 - https:\/\/yoast.com\/product\/yoast-seo-wordpress\/ -->\n<title>Luxe - Maison B<\/title>\n<meta name=\"description\" content=\"Explorez la boutique en ligne de la Maison Benkoussa et d\u00e9couvrez une vision du luxe singuli\u00e8re de la mode contemporaine.\" \/>\n<meta name=\"robots\" content=\"index, follow, max-snippet:-1, max-image-preview:large, max-video-preview:-1\" \/>\n<link rel=\"canonical\" href=\"https:\/\/site12.monsitecommeunpro.fr\/\" \/>\n<meta property=\"og:locale\" content=\"fr_FR\" \/>\n<meta property=\"og:type\" content=\"article\" \/>\n<meta property=\"og:title\" content=\"Luxe - Maison B\" \/>\n<meta property=\"og:description\" content=\"Explorez la boutique en ligne de la Maison Benkoussa et d\u00e9couvrez une vision du luxe singuli\u00e8re de la mode contemporaine.\" \/>\n<meta property=\"og:url\" content=\"https:\/\/site12.monsitecommeunpro.fr\/\" \/>\n<meta property=\"og:site_name\" content=\"Maison B\" \/>\n<meta property=\"article:modified_time\" content=\"2026-04-27T09:53:50+00:00\" \/>\n<meta property=\"og:image\" content=\"https:\/\/site12.monsitecommeunpro.fr\/wp-content\/uploads\/2026\/03\/IMG_3612.jpeg\" \/>\n\t<meta property=\"og:image:width\" content=\"594\" \/>\n\t<meta property=\"og:image:height\" content=\"828\" \/>\n\t<meta property=\"og:image:type\" content=\"image\/jpeg\" \/>\n<meta name=\"twitter:card\" content=\"summary_large_image\" \/>\n<meta name=\"twitter:label1\" content=\"Dur\u00e9e de lecture estim\u00e9e\" \/>\n\t<meta name=\"twitter:data1\" content=\"3 minutes\" \/>\n<script type=\"application\/ld+json\" class=\"yoast-schema-graph\">{\"@context\":\"https:\\\/\\\/schema.org\",\"@graph\":[{\"@type\":\"WebPage\",\"@id\":\"https:\\\/\\\/site12.monsitecommeunpro.fr\\\/\",\"url\":\"https:\\\/\\\/site12.monsitecommeunpro.fr\\\/\",\"name\":\"Luxe - Maison B\",\"isPartOf\":{\"@id\":\"https:\\\/\\\/site12.monsitecommeunpro.fr\\\/#website\"},\"primaryImageOfPage\":{\"@id\":\"https:\\\/\\\/site12.monsitecommeunpro.fr\\\/#primaryimage\"},\"image\":{\"@id\":\"https:\\\/\\\/site12.monsitecommeunpro.fr\\\/#primaryimage\"},\"thumbnailUrl\":\"https:\\\/\\\/site12.monsitecommeunpro.fr\\\/wp-content\\\/uploads\\\/2026\\\/03\\\/IMG_3612.jpeg\",\"datePublished\":\"2026-03-02T07:47:58+00:00\",\"dateModified\":\"2026-04-27T09:53:50+00:00\",\"description\":\"Explorez la boutique en ligne de la Maison Benkoussa et d\u00e9couvrez une vision du luxe singuli\u00e8re de la mode contemporaine.\",\"breadcrumb\":{\"@id\":\"https:\\\/\\\/site12.monsitecommeunpro.fr\\\/#breadcrumb\"},\"inLanguage\":\"fr-FR\",\"potentialAction\":[{\"@type\":\"ReadAction\",\"target\":[\"https:\\\/\\\/site12.monsitecommeunpro.fr\\\/\"]}]},{\"@type\":\"ImageObject\",\"inLanguage\":\"fr-FR\",\"@id\":\"https:\\\/\\\/site12.monsitecommeunpro.fr\\\/#primaryimage\",\"url\":\"https:\\\/\\\/site12.monsitecommeunpro.fr\\\/wp-content\\\/uploads\\\/2026\\\/03\\\/IMG_3612.jpeg\",\"contentUrl\":\"https:\\\/\\\/site12.monsitecommeunpro.fr\\\/wp-content\\\/uploads\\\/2026\\\/03\\\/IMG_3612.jpeg\",\"width\":594,\"height\":828,\"caption\":\"Screenshot\"},{\"@type\":\"BreadcrumbList\",\"@id\":\"https:\\\/\\\/site12.monsitecommeunpro.fr\\\/#breadcrumb\",\"itemListElement\":[{\"@type\":\"ListItem\",\"position\":1,\"name\":\"Accueil\",\"item\":\"https:\\\/\\\/site12.monsitecommeunpro.fr\\\/\"},{\"@type\":\"ListItem\",\"position\":2,\"name\":\"Luxe\"}]},{\"@type\":\"WebSite\",\"@id\":\"https:\\\/\\\/site12.monsitecommeunpro.fr\\\/#website\",\"url\":\"https:\\\/\\\/site12.monsitecommeunpro.fr\\\/\",\"name\":\"Maison B\",\"description\":\"\",\"publisher\":{\"@id\":\"https:\\\/\\\/site12.monsitecommeunpro.fr\\\/#organization\"},\"potentialAction\":[{\"@type\":\"SearchAction\",\"target\":{\"@type\":\"EntryPoint\",\"urlTemplate\":\"https:\\\/\\\/site12.monsitecommeunpro.fr\\\/?s={search_term_string}\"},\"query-input\":{\"@type\":\"PropertyValueSpecification\",\"valueRequired\":true,\"valueName\":\"search_term_string\"}}],\"inLanguage\":\"fr-FR\"},{\"@type\":\"Organization\",\"@id\":\"https:\\\/\\\/site12.monsitecommeunpro.fr\\\/#organization\",\"name\":\"Maison B\",\"url\":\"https:\\\/\\\/site12.monsitecommeunpro.fr\\\/\",\"logo\":{\"@type\":\"ImageObject\",\"inLanguage\":\"fr-FR\",\"@id\":\"https:\\\/\\\/site12.monsitecommeunpro.fr\\\/#\\\/schema\\\/logo\\\/image\\\/\",\"url\":\"https:\\\/\\\/site12.monsitecommeunpro.fr\\\/wp-content\\\/uploads\\\/2026\\\/03\\\/cropped-IMG_3597-1.jpeg\",\"contentUrl\":\"https:\\\/\\\/site12.monsitecommeunpro.fr\\\/wp-content\\\/uploads\\\/2026\\\/03\\\/cropped-IMG_3597-1.jpeg\",\"width\":802,\"height\":619,\"caption\":\"Maison B\"},\"image\":{\"@id\":\"https:\\\/\\\/site12.monsitecommeunpro.fr\\\/#\\\/schema\\\/logo\\\/image\\\/\"}}]}<\/script>\n<!-- \/ Yoast SEO plugin. -->","yoast_head_json":{"title":"Luxe - Maison B","description":"Explorez la boutique en ligne de la Maison Benkoussa et d\u00e9couvrez une vision du luxe singuli\u00e8re de la mode contemporaine.","robots":{"index":"index","follow":"follow","max-snippet":"max-snippet:-1","max-image-preview":"max-image-preview:large","max-video-preview":"max-video-preview:-1"},"canonical":"https:\/\/site12.monsitecommeunpro.fr\/","og_locale":"fr_FR","og_type":"article","og_title":"Luxe - Maison B","og_description":"Explorez la boutique en ligne de la Maison Benkoussa et d\u00e9couvrez une vision du luxe singuli\u00e8re de la mode contemporaine.","og_url":"https:\/\/site12.monsitecommeunpro.fr\/","og_site_name":"Maison B","article_modified_time":"2026-04-27T09:53:50+00:00","og_image":[{"width":594,"height":828,"url":"https:\/\/site12.monsitecommeunpro.fr\/wp-content\/uploads\/2026\/03\/IMG_3612.jpeg","type":"image\/jpeg"}],"twitter_card":"summary_large_image","twitter_misc":{"Dur\u00e9e de lecture estim\u00e9e":"3 minutes"},"schema":{"@context":"https:\/\/schema.org","@graph":[{"@type":"WebPage","@id":"https:\/\/site12.monsitecommeunpro.fr\/","url":"https:\/\/site12.monsitecommeunpro.fr\/","name":"Luxe - Maison B","isPartOf":{"@id":"https:\/\/site12.monsitecommeunpro.fr\/#website"},"primaryImageOfPage":{"@id":"https:\/\/site12.monsitecommeunpro.fr\/#primaryimage"},"image":{"@id":"https:\/\/site12.monsitecommeunpro.fr\/#primaryimage"},"thumbnailUrl":"https:\/\/site12.monsitecommeunpro.fr\/wp-content\/uploads\/2026\/03\/IMG_3612.jpeg","datePublished":"2026-03-02T07:47:58+00:00","dateModified":"2026-04-27T09:53:50+00:00","description":"Explorez la boutique en ligne de la Maison Benkoussa et d\u00e9couvrez une vision du luxe singuli\u00e8re de la mode contemporaine.","breadcrumb":{"@id":"https:\/\/site12.monsitecommeunpro.fr\/#breadcrumb"},"inLanguage":"fr-FR","potentialAction":[{"@type":"ReadAction","target":["https:\/\/site12.monsitecommeunpro.fr\/"]}]},{"@type":"ImageObject","inLanguage":"fr-FR","@id":"https:\/\/site12.monsitecommeunpro.fr\/#primaryimage","url":"https:\/\/site12.monsitecommeunpro.fr\/wp-content\/uploads\/2026\/03\/IMG_3612.jpeg","contentUrl":"https:\/\/site12.monsitecommeunpro.fr\/wp-content\/uploads\/2026\/03\/IMG_3612.jpeg","width":594,"height":828,"caption":"Screenshot"},{"@type":"BreadcrumbList","@id":"https:\/\/site12.monsitecommeunpro.fr\/#breadcrumb","itemListElement":[{"@type":"ListItem","position":1,"name":"Accueil","item":"https:\/\/site12.monsitecommeunpro.fr\/"},{"@type":"ListItem","position":2,"name":"Luxe"}]},{"@type":"WebSite","@id":"https:\/\/site12.monsitecommeunpro.fr\/#website","url":"https:\/\/site12.monsitecommeunpro.fr\/","name":"Maison B","description":"","publisher":{"@id":"https:\/\/site12.monsitecommeunpro.fr\/#organization"},"potentialAction":[{"@type":"SearchAction","target":{"@type":"EntryPoint","urlTemplate":"https:\/\/site12.monsitecommeunpro.fr\/?s={search_term_string}"},"query-input":{"@type":"PropertyValueSpecification","valueRequired":true,"valueName":"search_term_string"}}],"inLanguage":"fr-FR"},{"@type":"Organization","@id":"https:\/\/site12.monsitecommeunpro.fr\/#organization","name":"Maison B","url":"https:\/\/site12.monsitecommeunpro.fr\/","logo":{"@type":"ImageObject","inLanguage":"fr-FR","@id":"https:\/\/site12.monsitecommeunpro.fr\/#\/schema\/logo\/image\/","url":"https:\/\/site12.monsitecommeunpro.fr\/wp-content\/uploads\/2026\/03\/cropped-IMG_3597-1.jpeg","contentUrl":"https:\/\/site12.monsitecommeunpro.fr\/wp-content\/uploads\/2026\/03\/cropped-IMG_3597-1.jpeg","width":802,"height":619,"caption":"Maison B"},"image":{"@id":"https:\/\/site12.monsitecommeunpro.fr\/#\/schema\/logo\/image\/"}}]}},"uagb_featured_image_src":{"full":false,"thumbnail":false,"medium":false,"medium_large":false,"large":false,"1536x1536":false,"2048x2048":false},"uagb_author_info":{"display_name":"admin","author_link":"https:\/\/site12.monsitecommeunpro.fr\/?author=1"},"uagb_comment_info":0,"uagb_excerpt":"Voici le compte \u00e0 rebours luxe avant les 4 jours de fermeture !! L\u2019\u00c9PURE DU LUXE COMME MANIFESTE. Au-del\u00e0 de [&hellip;]","_links":{"self":[{"href":"https:\/\/site12.monsitecommeunpro.fr\/index.php?rest_route=\/wp\/v2\/pages\/9","targetHints":{"allow":["GET"]}}],"collection":[{"href":"https:\/\/site12.monsitecommeunpro.fr\/index.php?rest_route=\/wp\/v2\/pages"}],"about":[{"href":"https:\/\/site12.monsitecommeunpro.fr\/index.php?rest_route=\/wp\/v2\/types\/page"}],"author":[{"embeddable":true,"href":"https:\/\/site12.monsitecommeunpro.fr\/index.php?rest_route=\/wp\/v2\/users\/1"}],"replies":[{"embeddable":true,"href":"https:\/\/site12.monsitecommeunpro.fr\/index.php?rest_route=%2Fwp%2Fv2%2Fcomments&post=9"}],"version-history":[{"count":35,"href":"https:\/\/site12.monsitecommeunpro.fr\/index.php?rest_route=\/wp\/v2\/pages\/9\/revisions"}],"predecessor-version":[{"id":224,"href":"https:\/\/site12.monsitecommeunpro.fr\/index.php?rest_route=\/wp\/v2\/pages\/9\/revisions\/224"}],"wp:attachment":[{"href":"https:\/\/site12.monsitecommeunpro.fr\/index.php?rest_route=%2Fwp%2Fv2%2Fmedia&parent=9"}],"curies":[{"name":"wp","href":"https:\/\/api.w.org\/{rel}","templated":true}]}}